{"id":501,"date":"2024-02-05T19:30:31","date_gmt":"2024-02-05T18:30:31","guid":{"rendered":"https:\/\/gaillards-foodtruck.fr\/?page_id=501"},"modified":"2024-02-16T15:24:24","modified_gmt":"2024-02-16T14:24:24","slug":"mentions-legales","status":"publish","type":"page","link":"https:\/\/gaillards-foodtruck.fr\/?page_id=501","title":{"rendered":"Mentions l\u00e9gales"},"content":{"rendered":"\t\t<div data-elementor-type=\"wp-page\" data-elementor-id=\"501\" class=\"elementor elementor-501\" data-elementor-post-type=\"page\">\n\t\t\t\t\t\t<section class=\"elementor-section elementor-top-section elementor-element elementor-element-e1b6ce0 elementor-section-boxed elementor-section-height-default elementor-section-height-default\" data-id=\"e1b6ce0\" data-element_type=\"section\">\n\t\t\t\t\t\t<div class=\"elementor-container elementor-column-gap-default\">\n\t\t\t\t\t<div class=\"elementor-column elementor-col-100 elementor-top-column elementor-element elementor-element-bede695\" data-id=\"bede695\" data-element_type=\"column\">\n\t\t\t<div class=\"elementor-widget-wrap elementor-element-populated\">\n\t\t\t\t\t\t<div class=\"elementor-element elementor-element-f4bd3f4 elementor-widget elementor-widget-heading\" data-id=\"f4bd3f4\" data-element_type=\"widget\" data-widget_type=\"heading.default\">\n\t\t\t\t<div class=\"elementor-widget-container\">\n\t\t\t\t\t<h2 class=\"elementor-heading-title elementor-size-default\">MENTIONS L\u00c9GALES<\/h2>\t\t\t\t<\/div>\n\t\t\t\t<\/div>\n\t\t\t\t<div class=\"elementor-element elementor-element-1d24adf elementor-widget__width-initial elementor-widget elementor-widget-text-editor\" data-id=\"1d24adf\" data-element_type=\"widget\" data-widget_type=\"text-editor.default\">\n\t\t\t\t<div class=\"elementor-widget-container\">\n\t\t\t\t\t\t\t\t\t<h3 class=\"wp-block-heading\"><strong>INFORMATIONS G\u00c9N\u00c9RALES<\/strong><\/h3><p><strong>SAS Creative Food &#8211; Gaillards<\/strong><br aria-hidden=\"true\" \/>25 rue de la Cale de Jouvente<br aria-hidden=\"true\" \/>35730 Pleurtuit<\/p><p>Immatricul\u00e9e au Tribunal de Commerce de Saint-Malo sous le num\u00e9ro de Siret : 921 973 244 00012<\/p><p>T\u00e9l. : 07.69.81.04.99<\/p><p>Email:\u00a0<a href=\"mailto:courderecre.dinard@gmail.com\" target=\"_blank\" rel=\"noopener noreferrer\" data-auth=\"NotApplicable\" data-linkindex=\"0\">leonard.creativefood@gmail.com<\/a><\/p><p>Directeur de la publication : L\u00e9onard MARONGIU en sa qualit\u00e9 de pr\u00e9sident<\/p><h3><strong>DROITS D\u2019AUTEUR ET PROPRI\u00c9T\u00c9 INTELLECTUELLE<\/strong><\/h3><p>L\u2019ensemble de ce site rel\u00e8ve de la l\u00e9gislation fran\u00e7aise et internationale sur les droits d\u2019auteur et la propri\u00e9t\u00e9 intellectuelle. Tous les droits de reproduction sont r\u00e9serv\u00e9s. La reproduction de tout ou partie de ce site sur quelque support que ce soit est formellement interdite sauf autorisation expresse et pr\u00e9alable du directeur de la publication. La reproduction des textes de ce site sur un support papier est autoris\u00e9e, sous r\u00e9serve du respect des conditions suivantes : gratuit\u00e9 de la diffusion, respect de l\u2019int\u00e9grit\u00e9 des documents reproduits : pas de modification ni alt\u00e9ration d\u2019aucune sorte, citation claire et lisible de la source.<\/p><h3><strong>TRAITEMENT DES DONN\u00c9ES PERSONNELLES<\/strong><\/h3><p>Les informations recueillies aupr\u00e8s des personnes par le biais des formulaires de contact, par l\u2019envoi de messages \u00e9lectroniques, ou via des outils de mesure d\u2019audience sont destin\u00e9es exclusivement \u00e0 l\u2019usage de ce site Internet. Elles ne sont en aucun cas communiqu\u00e9es \u00e0 des tiers. Conform\u00e9ment aux articles 39 et suivants de la loi n\u00b0 78-17 du 6 janvier 1978 relative \u00e0 l\u2019informatique, aux fichiers et aux libert\u00e9s, toute personne peut obtenir communication et, le cas \u00e9ch\u00e9ant, rectification ou suppression des informations la concernant, en s\u2019adressant au directeur de publication via l\u2019adresse email suivante:\u00a0<a href=\"mailto:courderecre.dinard@gmail.com\" target=\"_blank\" rel=\"noopener noreferrer\" data-auth=\"NotApplicable\" data-linkindex=\"1\">leonard.creativefood@gmail.com<\/a>. Toute personne peut \u00e9galement, pour des motifs l\u00e9gitimes, s\u2019opposer au traitement des donn\u00e9es la concernant.<\/p><h3><strong>COOKIES ET VIE PRIV\u00c9E<\/strong><\/h3><p>Pour le bon fonctionnement de ce site Internet, certains\u00a0<em>cookies<\/em>\u00a0peuvent-\u00eatre install\u00e9s sur votre terminal. Ces\u00a0<em>cookies<\/em>\u00a0ne sont pas utilis\u00e9s \u00e0 des fins commerciales, mais exclusivement pour vous permettre de naviguer convenablement sur ce site Internet (m\u00e9moriser votre r\u00e9solution d\u2019affichage, le syst\u00e8me d\u2019exploitation\u2026). Ces\u00a0<em>cookies<\/em>\u00a0ont une dur\u00e9e de vie de quelques heures uniquement, et ne sont pas vou\u00e9s \u00e0 \u00eatre stock\u00e9s ind\u00e9finiment sur votre terminal. Pour votre information, ce site Internet utilise un outil de mesure d\u2019audience,\u00a0<a href=\"http:\/\/www.google.com\/analytics\/\" target=\"_blank\" rel=\"noopener noreferrer\" data-auth=\"NotApplicable\" data-linkindex=\"2\">Google Analytics<\/a>, qui peut n\u00e9cessiter l\u2019installation de\u00a0<em>cookies<\/em>\u00a0sur votre terminal. Ces\u00a0<em>cookies<\/em>\u00a0sont utilis\u00e9s exclusivement \u00e0 titre de mesure statistiques de ce site Internet (volume de fr\u00e9quentation, pages visit\u00e9s, origine g\u00e9ographique de l\u2019internaute\u2026).<\/p><h3><strong>CONCEPTION DU SITE INTERNET ET H\u00c9BERGEMENT<\/strong><\/h3><p>Le site est h\u00e9berg\u00e9 chez OVH.<span style=\"font-style: inherit; color: var( --e-global-color-text ); font-family: var( --e-global-typography-primary-font-family ), Sans-serif; letter-spacing: 0px; background-color: var(--ast-global-color-0);\">\u00a0<\/span><\/p>\t\t\t\t\t\t\t\t<\/div>\n\t\t\t\t<\/div>\n\t\t\t\t\t<\/div>\n\t\t<\/div>\n\t\t\t\t\t<\/div>\n\t\t<\/section>\n\t\t\t\t<\/div>\n\t\t","protected":false},"excerpt":{"rendered":"<p>MENTIONS L\u00c9GALES INFORMATIONS G\u00c9N\u00c9RALES SAS Creative Food &#8211; Gaillards25 rue de la Cale de Jouvente35730 Pleurtuit Immatricul\u00e9e au Tribunal de Commerce de Saint-Malo sous le num\u00e9ro de Siret : 921 973 244 00012 T\u00e9l. : 07.69.81.04.99 Email:\u00a0leonard.creativefood@gmail.com Directeur de la publication : L\u00e9onard MARONGIU en sa qualit\u00e9 de pr\u00e9sident DROITS D\u2019AUTEUR ET PROPRI\u00c9T\u00c9 INTELLECTUELLE L\u2019ensemble [&hellip;]<\/p>\n","protected":false},"author":1,"featured_media":0,"parent":0,"menu_order":0,"comment_status":"closed","ping_status":"closed","template":"","meta":{"site-sidebar-layout":"no-sidebar","site-content-layout":"page-builder","ast-site-content-layout":"full-width-container","site-content-style":"default","site-sidebar-style":"default","ast-global-header-display":"","ast-banner-title-visibility":"","ast-main-header-display":"","ast-hfb-above-header-display":"","ast-hfb-below-header-display":"","ast-hfb-mobile-header-display":"","site-post-title":"disabled","ast-breadcrumbs-content":"","ast-featured-img":"disabled","footer-sml-layout":"","ast-disable-related-posts":"","theme-transparent-header-meta":"","adv-header-id-meta":"","stick-header-meta":"","header-above-stick-meta":"","header-main-stick-meta":"","header-below-stick-meta":"","astra-migrate-meta-layouts":"set","ast-page-background-enabled":"default","ast-page-background-meta":{"desktop":{"background-color":"var(--ast-global-color-4)","background-image":"","background-repeat":"repeat","background-position":"center center","background-size":"auto","background-attachment":"scroll","background-type":"","background-media":"","overlay-type":"","overlay-color":"","overlay-opacity":"","overlay-gradient":""},"tablet":{"background-color":"","background-image":"","background-repeat":"repeat","background-position":"center center","background-size":"auto","background-attachment":"scroll","background-type":"","background-media":"","overlay-type":"","overlay-color":"","overlay-opacity":"","overlay-gradient":""},"mobile":{"background-color":"","background-image":"","background-repeat":"repeat","background-position":"center center","background-size":"auto","background-attachment":"scroll","background-type":"","background-media":"","overlay-type":"","overlay-color":"","overlay-opacity":"","overlay-gradient":""}},"ast-content-background-meta":{"desktop":{"background-color":"var(--ast-global-color-5)","background-image":"","background-repeat":"repeat","background-position":"center center","background-size":"auto","background-attachment":"scroll","background-type":"","background-media":"","overlay-type":"","overlay-color":"","overlay-opacity":"","overlay-gradient":""},"tablet":{"background-color":"var(--ast-global-color-5)","background-image":"","background-repeat":"repeat","background-position":"center center","background-size":"auto","background-attachment":"scroll","background-type":"","background-media":"","overlay-type":"","overlay-color":"","overlay-opacity":"","overlay-gradient":""},"mobile":{"background-color":"var(--ast-global-color-5)","background-image":"","background-repeat":"repeat","background-position":"center center","background-size":"auto","background-attachment":"scroll","background-type":"","background-media":"","overlay-type":"","overlay-color":"","overlay-opacity":"","overlay-gradient":""}},"footnotes":""},"class_list":["post-501","page","type-page","status-publish","hentry"],"yoast_head":"<!-- This site is optimized with the Yoast SEO plugin v26.7 - https:\/\/yoast.com\/wordpress\/plugins\/seo\/ -->\n<title>Mentions l\u00e9gales -<\/title>\n<meta name=\"robots\" content=\"index, follow, max-snippet:-1, max-image-preview:large, max-video-preview:-1\" \/>\n<link rel=\"canonical\" href=\"https:\/\/gaillards-foodtruck.fr\/?page_id=501\" \/>\n<meta property=\"og:locale\" content=\"en_US\" \/>\n<meta property=\"og:type\" content=\"article\" \/>\n<meta property=\"og:title\" content=\"Mentions l\u00e9gales -\" \/>\n<meta property=\"og:description\" content=\"MENTIONS L\u00c9GALES INFORMATIONS G\u00c9N\u00c9RALES SAS Creative Food &#8211; Gaillards25 rue de la Cale de Jouvente35730 Pleurtuit Immatricul\u00e9e au Tribunal de Commerce de Saint-Malo sous le num\u00e9ro de Siret : 921 973 244 00012 T\u00e9l. : 07.69.81.04.99 Email:\u00a0leonard.creativefood@gmail.com Directeur de la publication : L\u00e9onard MARONGIU en sa qualit\u00e9 de pr\u00e9sident DROITS D\u2019AUTEUR ET PROPRI\u00c9T\u00c9 INTELLECTUELLE L\u2019ensemble [&hellip;]\" \/>\n<meta property=\"og:url\" content=\"https:\/\/gaillards-foodtruck.fr\/?page_id=501\" \/>\n<meta property=\"article:modified_time\" content=\"2024-02-16T14:24:24+00:00\" \/>\n<meta name=\"twitter:card\" content=\"summary_large_image\" \/>\n<meta name=\"twitter:label1\" content=\"Est. reading time\" \/>\n\t<meta name=\"twitter:data1\" content=\"2 minutes\" \/>\n<script type=\"application\/ld+json\" class=\"yoast-schema-graph\">{\"@context\":\"https:\/\/schema.org\",\"@graph\":[{\"@type\":\"WebPage\",\"@id\":\"https:\/\/gaillards-foodtruck.fr\/?page_id=501\",\"url\":\"https:\/\/gaillards-foodtruck.fr\/?page_id=501\",\"name\":\"Mentions l\u00e9gales -\",\"isPartOf\":{\"@id\":\"https:\/\/gaillards-foodtruck.fr\/#website\"},\"datePublished\":\"2024-02-05T18:30:31+00:00\",\"dateModified\":\"2024-02-16T14:24:24+00:00\",\"breadcrumb\":{\"@id\":\"https:\/\/gaillards-foodtruck.fr\/?page_id=501#breadcrumb\"},\"inLanguage\":\"en-US\",\"potentialAction\":[{\"@type\":\"ReadAction\",\"target\":[\"https:\/\/gaillards-foodtruck.fr\/?page_id=501\"]}]},{\"@type\":\"BreadcrumbList\",\"@id\":\"https:\/\/gaillards-foodtruck.fr\/?page_id=501#breadcrumb\",\"itemListElement\":[{\"@type\":\"ListItem\",\"position\":1,\"name\":\"Accueil\",\"item\":\"https:\/\/gaillards-foodtruck.fr\/\"},{\"@type\":\"ListItem\",\"position\":2,\"name\":\"Mentions l\u00e9gales\"}]},{\"@type\":\"WebSite\",\"@id\":\"https:\/\/gaillards-foodtruck.fr\/#website\",\"url\":\"https:\/\/gaillards-foodtruck.fr\/\",\"name\":\"Gaillards Foodtruck\",\"description\":\"\",\"publisher\":{\"@id\":\"https:\/\/gaillards-foodtruck.fr\/#organization\"},\"potentialAction\":[{\"@type\":\"SearchAction\",\"target\":{\"@type\":\"EntryPoint\",\"urlTemplate\":\"https:\/\/gaillards-foodtruck.fr\/?s={search_term_string}\"},\"query-input\":{\"@type\":\"PropertyValueSpecification\",\"valueRequired\":true,\"valueName\":\"search_term_string\"}}],\"inLanguage\":\"en-US\"},{\"@type\":\"Organization\",\"@id\":\"https:\/\/gaillards-foodtruck.fr\/#organization\",\"name\":\"Gaillards\",\"url\":\"https:\/\/gaillards-foodtruck.fr\/\",\"logo\":{\"@type\":\"ImageObject\",\"inLanguage\":\"en-US\",\"@id\":\"https:\/\/gaillards-foodtruck.fr\/#\/schema\/logo\/image\/\",\"url\":\"https:\/\/gaillards-foodtruck.fr\/wp-content\/uploads\/2023\/05\/cropped-gaillards_main-chocolat-2.webp\",\"contentUrl\":\"https:\/\/gaillards-foodtruck.fr\/wp-content\/uploads\/2023\/05\/cropped-gaillards_main-chocolat-2.webp\",\"width\":1416,\"height\":472,\"caption\":\"Gaillards\"},\"image\":{\"@id\":\"https:\/\/gaillards-foodtruck.fr\/#\/schema\/logo\/image\/\"},\"sameAs\":[\"https:\/\/www.instagram.com\/gaillards_foodtruck\/\"]}]}<\/script>\n<!-- \/ Yoast SEO plugin. -->","yoast_head_json":{"title":"Mentions l\u00e9gales -","robots":{"index":"index","follow":"follow","max-snippet":"max-snippet:-1","max-image-preview":"max-image-preview:large","max-video-preview":"max-video-preview:-1"},"canonical":"https:\/\/gaillards-foodtruck.fr\/?page_id=501","og_locale":"en_US","og_type":"article","og_title":"Mentions l\u00e9gales -","og_description":"MENTIONS L\u00c9GALES INFORMATIONS G\u00c9N\u00c9RALES SAS Creative Food &#8211; Gaillards25 rue de la Cale de Jouvente35730 Pleurtuit Immatricul\u00e9e au Tribunal de Commerce de Saint-Malo sous le num\u00e9ro de Siret : 921 973 244 00012 T\u00e9l. : 07.69.81.04.99 Email:\u00a0leonard.creativefood@gmail.com Directeur de la publication : L\u00e9onard MARONGIU en sa qualit\u00e9 de pr\u00e9sident DROITS D\u2019AUTEUR ET PROPRI\u00c9T\u00c9 INTELLECTUELLE L\u2019ensemble [&hellip;]","og_url":"https:\/\/gaillards-foodtruck.fr\/?page_id=501","article_modified_time":"2024-02-16T14:24:24+00:00","twitter_card":"summary_large_image","twitter_misc":{"Est. reading time":"2 minutes"},"schema":{"@context":"https:\/\/schema.org","@graph":[{"@type":"WebPage","@id":"https:\/\/gaillards-foodtruck.fr\/?page_id=501","url":"https:\/\/gaillards-foodtruck.fr\/?page_id=501","name":"Mentions l\u00e9gales -","isPartOf":{"@id":"https:\/\/gaillards-foodtruck.fr\/#website"},"datePublished":"2024-02-05T18:30:31+00:00","dateModified":"2024-02-16T14:24:24+00:00","breadcrumb":{"@id":"https:\/\/gaillards-foodtruck.fr\/?page_id=501#breadcrumb"},"inLanguage":"en-US","potentialAction":[{"@type":"ReadAction","target":["https:\/\/gaillards-foodtruck.fr\/?page_id=501"]}]},{"@type":"BreadcrumbList","@id":"https:\/\/gaillards-foodtruck.fr\/?page_id=501#breadcrumb","itemListElement":[{"@type":"ListItem","position":1,"name":"Accueil","item":"https:\/\/gaillards-foodtruck.fr\/"},{"@type":"ListItem","position":2,"name":"Mentions l\u00e9gales"}]},{"@type":"WebSite","@id":"https:\/\/gaillards-foodtruck.fr\/#website","url":"https:\/\/gaillards-foodtruck.fr\/","name":"Gaillards Foodtruck","description":"","publisher":{"@id":"https:\/\/gaillards-foodtruck.fr\/#organization"},"potentialAction":[{"@type":"SearchAction","target":{"@type":"EntryPoint","urlTemplate":"https:\/\/gaillards-foodtruck.fr\/?s={search_term_string}"},"query-input":{"@type":"PropertyValueSpecification","valueRequired":true,"valueName":"search_term_string"}}],"inLanguage":"en-US"},{"@type":"Organization","@id":"https:\/\/gaillards-foodtruck.fr\/#organization","name":"Gaillards","url":"https:\/\/gaillards-foodtruck.fr\/","logo":{"@type":"ImageObject","inLanguage":"en-US","@id":"https:\/\/gaillards-foodtruck.fr\/#\/schema\/logo\/image\/","url":"https:\/\/gaillards-foodtruck.fr\/wp-content\/uploads\/2023\/05\/cropped-gaillards_main-chocolat-2.webp","contentUrl":"https:\/\/gaillards-foodtruck.fr\/wp-content\/uploads\/2023\/05\/cropped-gaillards_main-chocolat-2.webp","width":1416,"height":472,"caption":"Gaillards"},"image":{"@id":"https:\/\/gaillards-foodtruck.fr\/#\/schema\/logo\/image\/"},"sameAs":["https:\/\/www.instagram.com\/gaillards_foodtruck\/"]}]}},"_links":{"self":[{"href":"https:\/\/gaillards-foodtruck.fr\/index.php?rest_route=\/wp\/v2\/pages\/501","targetHints":{"allow":["GET"]}}],"collection":[{"href":"https:\/\/gaillards-foodtruck.fr\/index.php?rest_route=\/wp\/v2\/pages"}],"about":[{"href":"https:\/\/gaillards-foodtruck.fr\/index.php?rest_route=\/wp\/v2\/types\/page"}],"author":[{"embeddable":true,"href":"https:\/\/gaillards-foodtruck.fr\/index.php?rest_route=\/wp\/v2\/users\/1"}],"replies":[{"embeddable":true,"href":"https:\/\/gaillards-foodtruck.fr\/index.php?rest_route=%2Fwp%2Fv2%2Fcomments&post=501"}],"version-history":[{"count":11,"href":"https:\/\/gaillards-foodtruck.fr\/index.php?rest_route=\/wp\/v2\/pages\/501\/revisions"}],"predecessor-version":[{"id":1112,"href":"https:\/\/gaillards-foodtruck.fr\/index.php?rest_route=\/wp\/v2\/pages\/501\/revisions\/1112"}],"wp:attachment":[{"href":"https:\/\/gaillards-foodtruck.fr\/index.php?rest_route=%2Fwp%2Fv2%2Fmedia&parent=501"}],"curies":[{"name":"wp","href":"https:\/\/api.w.org\/{rel}","templated":true}]}}